{"id":725,"date":"2025-10-10T17:18:16","date_gmt":"2025-10-10T15:18:16","guid":{"rendered":"https:\/\/lecya.cl\/wen2019wp\/?page_id=725"},"modified":"2025-10-10T17:33:14","modified_gmt":"2025-10-10T15:33:14","slug":"visita-terminal-internacional-antofagastaati","status":"publish","type":"page","link":"https:\/\/lecya.cl\/wen2019wp\/visita-terminal-internacional-antofagastaati\/","title":{"rendered":"Visita Terminal Internacional Antofagasta(ATI)"},"content":{"rendered":"\n<p>Los estudiantes de la especialidad de Log\u00edstica, en compa\u00f1ia de <strong>Dn. Camilo Pizarro<\/strong>,encargado del depto de administracion mencion logistica; participaron en una visita pedag\u00f3gica a terreno en el Antofagasta Terminal Internacional (ATI), instancia en la que pudieron conocer en profundidad los diferentes sitios operativos del puerto y observar de manera directa las operaciones log\u00edsticas mar\u00edtimas asociadas a los procesos de exportaci\u00f3n.<\/p>\n\n\n\n<p>Esta experiencia formativa permiti\u00f3 a los alumnos vincular los contenidos te\u00f3ricos trabajados en el aula con la realidad del entorno productivo, fortaleciendo su comprensi\u00f3n sobre la cadena log\u00edstica portuaria y sus etapas. Adem\u00e1s, foment\u00f3 el aprendizaje significativo, el pensamiento cr\u00edtico y el desarrollo de competencias t\u00e9cnicas y profesionales esenciales para su futuro desempe\u00f1o en el sector.<\/p>\n\n\n\n<p>Sin duda, este tipo de actividades contribuye a que los estudiantes ampl\u00eden su visi\u00f3n del campo laboral, reafirmen su vocaci\u00f3n y experimenten en terreno los desaf\u00edos reales de la log\u00edstica moderna.<\/p>\n\n\n\n<p><\/p>\n\n\n\n<figure class=\"wp-block-gallery has-nested-images columns-default is-cropped wp-block-gallery-1 is-layout-flex wp-block-gallery-is-layout-flex\">\n<figure data-wp-context=\"{&quot;imageId&quot;:&quot;6a098dddc9e60&quot;}\" data-wp-interactive=\"core\/image\" data-wp-key=\"6a098dddc9e60\" class=\"wp-block-image size-large wp-lightbox-container\"><img loading=\"lazy\" decoding=\"async\" width=\"1024\" height=\"576\" data-wp-class--hide=\"state.isContentHidden\" data-wp-class--show=\"state.isContentVisible\" data-wp-init=\"callbacks.setButtonStyles\" data-wp-on--click=\"actions.showLightbox\" data-wp-on--load=\"callbacks.setButtonStyles\" data-wp-on-window--resize=\"callbacks.setButtonStyles\" data-id=\"730\" src=\"https:\/\/lecya.cl\/wen2019wp\/wp-content\/uploads\/2025\/10\/WhatsApp-Image-2025-10-08-at-1.04.23-PM-1-1024x576.jpeg\" alt=\"\" class=\"wp-image-730\" srcset=\"https:\/\/lecya.cl\/wen2019wp\/wp-content\/uploads\/2025\/10\/WhatsApp-Image-2025-10-08-at-1.04.23-PM-1-1024x576.jpeg 1024w, https:\/\/lecya.cl\/wen2019wp\/wp-content\/uploads\/2025\/10\/WhatsApp-Image-2025-10-08-at-1.04.23-PM-1-300x169.jpeg 300w, https:\/\/lecya.cl\/wen2019wp\/wp-content\/uploads\/2025\/10\/WhatsApp-Image-2025-10-08-at-1.04.23-PM-1-768x432.jpeg 768w, https:\/\/lecya.cl\/wen2019wp\/wp-content\/uploads\/2025\/10\/WhatsApp-Image-2025-10-08-at-1.04.23-PM-1.jpeg 1280w\" sizes=\"auto, (max-width: 1024px) 100vw, 1024px\" \/><button\n\t\t\tclass=\"lightbox-trigger\"\n\t\t\ttype=\"button\"\n\t\t\taria-haspopup=\"dialog\"\n\t\t\taria-label=\"Agrandar\"\n\t\t\tdata-wp-init=\"callbacks.initTriggerButton\"\n\t\t\tdata-wp-on--click=\"actions.showLightbox\"\n\t\t\tdata-wp-style--right=\"state.imageButtonRight\"\n\t\t\tdata-wp-style--top=\"state.imageButtonTop\"\n\t\t>\n\t\t\t<svg xmlns=\"http:\/\/www.w3.org\/2000\/svg\" width=\"12\" height=\"12\" fill=\"none\" viewBox=\"0 0 12 12\">\n\t\t\t\t<path fill=\"#fff\" d=\"M2 0a2 2 0 0 0-2 2v2h1.5V2a.5.5 0 0 1 .5-.5h2V0H2Zm2 10.5H2a.5.5 0 0 1-.5-.5V8H0v2a2 2 0 0 0 2 2h2v-1.5ZM8 12v-1.5h2a.5.5 0 0 0 .5-.5V8H12v2a2 2 0 0 1-2 2H8Zm2-12a2 2 0 0 1 2 2v2h-1.5V2a.5.5 0 0 0-.5-.5H8V0h2Z\" \/>\n\t\t\t<\/svg>\n\t\t<\/button><\/figure>\n\n\n\n<figure data-wp-context=\"{&quot;imageId&quot;:&quot;6a098dddca633&quot;}\" data-wp-interactive=\"core\/image\" data-wp-key=\"6a098dddca633\" class=\"wp-block-image size-large wp-lightbox-container\"><img loading=\"lazy\" decoding=\"async\" width=\"1024\" height=\"576\" data-wp-class--hide=\"state.isContentHidden\" data-wp-class--show=\"state.isContentVisible\" data-wp-init=\"callbacks.setButtonStyles\" data-wp-on--click=\"actions.showLightbox\" data-wp-on--load=\"callbacks.setButtonStyles\" data-wp-on-window--resize=\"callbacks.setButtonStyles\" data-id=\"735\" src=\"https:\/\/lecya.cl\/wen2019wp\/wp-content\/uploads\/2025\/10\/WhatsApp-Image-2025-10-08-at-1.04.23-PM-2-1024x576.jpeg\" alt=\"\" class=\"wp-image-735\" srcset=\"https:\/\/lecya.cl\/wen2019wp\/wp-content\/uploads\/2025\/10\/WhatsApp-Image-2025-10-08-at-1.04.23-PM-2-1024x576.jpeg 1024w, https:\/\/lecya.cl\/wen2019wp\/wp-content\/uploads\/2025\/10\/WhatsApp-Image-2025-10-08-at-1.04.23-PM-2-300x169.jpeg 300w, https:\/\/lecya.cl\/wen2019wp\/wp-content\/uploads\/2025\/10\/WhatsApp-Image-2025-10-08-at-1.04.23-PM-2-768x432.jpeg 768w, https:\/\/lecya.cl\/wen2019wp\/wp-content\/uploads\/2025\/10\/WhatsApp-Image-2025-10-08-at-1.04.23-PM-2.jpeg 1280w\" sizes=\"auto, (max-width: 1024px) 100vw, 1024px\" \/><button\n\t\t\tclass=\"lightbox-trigger\"\n\t\t\ttype=\"button\"\n\t\t\taria-haspopup=\"dialog\"\n\t\t\taria-label=\"Agrandar\"\n\t\t\tdata-wp-init=\"callbacks.initTriggerButton\"\n\t\t\tdata-wp-on--click=\"actions.showLightbox\"\n\t\t\tdata-wp-style--right=\"state.imageButtonRight\"\n\t\t\tdata-wp-style--top=\"state.imageButtonTop\"\n\t\t>\n\t\t\t<svg xmlns=\"http:\/\/www.w3.org\/2000\/svg\" width=\"12\" height=\"12\" fill=\"none\" viewBox=\"0 0 12 12\">\n\t\t\t\t<path fill=\"#fff\" d=\"M2 0a2 2 0 0 0-2 2v2h1.5V2a.5.5 0 0 1 .5-.5h2V0H2Zm2 10.5H2a.5.5 0 0 1-.5-.5V8H0v2a2 2 0 0 0 2 2h2v-1.5ZM8 12v-1.5h2a.5.5 0 0 0 .5-.5V8H12v2a2 2 0 0 1-2 2H8Zm2-12a2 2 0 0 1 2 2v2h-1.5V2a.5.5 0 0 0-.5-.5H8V0h2Z\" \/>\n\t\t\t<\/svg>\n\t\t<\/button><\/figure>\n\n\n\n<figure data-wp-context=\"{&quot;imageId&quot;:&quot;6a098dddcae24&quot;}\" data-wp-interactive=\"core\/image\" data-wp-key=\"6a098dddcae24\" class=\"wp-block-image size-large wp-lightbox-container\"><img loading=\"lazy\" decoding=\"async\" width=\"1024\" height=\"576\" data-wp-class--hide=\"state.isContentHidden\" data-wp-class--show=\"state.isContentVisible\" data-wp-init=\"callbacks.setButtonStyles\" data-wp-on--click=\"actions.showLightbox\" data-wp-on--load=\"callbacks.setButtonStyles\" data-wp-on-window--resize=\"callbacks.setButtonStyles\" data-id=\"737\" src=\"https:\/\/lecya.cl\/wen2019wp\/wp-content\/uploads\/2025\/10\/WhatsApp-Image-2025-10-08-at-1.04.24-PM-1-1024x576.jpeg\" alt=\"\" class=\"wp-image-737\" srcset=\"https:\/\/lecya.cl\/wen2019wp\/wp-content\/uploads\/2025\/10\/WhatsApp-Image-2025-10-08-at-1.04.24-PM-1-1024x576.jpeg 1024w, https:\/\/lecya.cl\/wen2019wp\/wp-content\/uploads\/2025\/10\/WhatsApp-Image-2025-10-08-at-1.04.24-PM-1-300x169.jpeg 300w, https:\/\/lecya.cl\/wen2019wp\/wp-content\/uploads\/2025\/10\/WhatsApp-Image-2025-10-08-at-1.04.24-PM-1-768x432.jpeg 768w, https:\/\/lecya.cl\/wen2019wp\/wp-content\/uploads\/2025\/10\/WhatsApp-Image-2025-10-08-at-1.04.24-PM-1.jpeg 1280w\" sizes=\"auto, (max-width: 1024px) 100vw, 1024px\" \/><button\n\t\t\tclass=\"lightbox-trigger\"\n\t\t\ttype=\"button\"\n\t\t\taria-haspopup=\"dialog\"\n\t\t\taria-label=\"Agrandar\"\n\t\t\tdata-wp-init=\"callbacks.initTriggerButton\"\n\t\t\tdata-wp-on--click=\"actions.showLightbox\"\n\t\t\tdata-wp-style--right=\"state.imageButtonRight\"\n\t\t\tdata-wp-style--top=\"state.imageButtonTop\"\n\t\t>\n\t\t\t<svg xmlns=\"http:\/\/www.w3.org\/2000\/svg\" width=\"12\" height=\"12\" fill=\"none\" viewBox=\"0 0 12 12\">\n\t\t\t\t<path fill=\"#fff\" d=\"M2 0a2 2 0 0 0-2 2v2h1.5V2a.5.5 0 0 1 .5-.5h2V0H2Zm2 10.5H2a.5.5 0 0 1-.5-.5V8H0v2a2 2 0 0 0 2 2h2v-1.5ZM8 12v-1.5h2a.5.5 0 0 0 .5-.5V8H12v2a2 2 0 0 1-2 2H8Zm2-12a2 2 0 0 1 2 2v2h-1.5V2a.5.5 0 0 0-.5-.5H8V0h2Z\" \/>\n\t\t\t<\/svg>\n\t\t<\/button><\/figure>\n\n\n\n<figure data-wp-context=\"{&quot;imageId&quot;:&quot;6a098dddcb656&quot;}\" data-wp-interactive=\"core\/image\" data-wp-key=\"6a098dddcb656\" class=\"wp-block-image size-large wp-lightbox-container\"><img loading=\"lazy\" decoding=\"async\" width=\"1024\" height=\"576\" data-wp-class--hide=\"state.isContentHidden\" data-wp-class--show=\"state.isContentVisible\" data-wp-init=\"callbacks.setButtonStyles\" data-wp-on--click=\"actions.showLightbox\" data-wp-on--load=\"callbacks.setButtonStyles\" data-wp-on-window--resize=\"callbacks.setButtonStyles\" data-id=\"731\" src=\"https:\/\/lecya.cl\/wen2019wp\/wp-content\/uploads\/2025\/10\/WhatsApp-Image-2025-10-09-at-4.55.44-PM-1024x576.jpeg\" alt=\"\" class=\"wp-image-731\" srcset=\"https:\/\/lecya.cl\/wen2019wp\/wp-content\/uploads\/2025\/10\/WhatsApp-Image-2025-10-09-at-4.55.44-PM-1024x576.jpeg 1024w, https:\/\/lecya.cl\/wen2019wp\/wp-content\/uploads\/2025\/10\/WhatsApp-Image-2025-10-09-at-4.55.44-PM-300x169.jpeg 300w, https:\/\/lecya.cl\/wen2019wp\/wp-content\/uploads\/2025\/10\/WhatsApp-Image-2025-10-09-at-4.55.44-PM-768x432.jpeg 768w, https:\/\/lecya.cl\/wen2019wp\/wp-content\/uploads\/2025\/10\/WhatsApp-Image-2025-10-09-at-4.55.44-PM.jpeg 1280w\" sizes=\"auto, (max-width: 1024px) 100vw, 1024px\" \/><button\n\t\t\tclass=\"lightbox-trigger\"\n\t\t\ttype=\"button\"\n\t\t\taria-haspopup=\"dialog\"\n\t\t\taria-label=\"Agrandar\"\n\t\t\tdata-wp-init=\"callbacks.initTriggerButton\"\n\t\t\tdata-wp-on--click=\"actions.showLightbox\"\n\t\t\tdata-wp-style--right=\"state.imageButtonRight\"\n\t\t\tdata-wp-style--top=\"state.imageButtonTop\"\n\t\t>\n\t\t\t<svg xmlns=\"http:\/\/www.w3.org\/2000\/svg\" width=\"12\" height=\"12\" fill=\"none\" viewBox=\"0 0 12 12\">\n\t\t\t\t<path fill=\"#fff\" d=\"M2 0a2 2 0 0 0-2 2v2h1.5V2a.5.5 0 0 1 .5-.5h2V0H2Zm2 10.5H2a.5.5 0 0 1-.5-.5V8H0v2a2 2 0 0 0 2 2h2v-1.5ZM8 12v-1.5h2a.5.5 0 0 0 .5-.5V8H12v2a2 2 0 0 1-2 2H8Zm2-12a2 2 0 0 1 2 2v2h-1.5V2a.5.5 0 0 0-.5-.5H8V0h2Z\" \/>\n\t\t\t<\/svg>\n\t\t<\/button><\/figure>\n\n\n\n<figure data-wp-context=\"{&quot;imageId&quot;:&quot;6a098dddcbd9a&quot;}\" data-wp-interactive=\"core\/image\" data-wp-key=\"6a098dddcbd9a\" class=\"wp-block-image size-large wp-lightbox-container\"><img loading=\"lazy\" decoding=\"async\" width=\"1024\" height=\"576\" data-wp-class--hide=\"state.isContentHidden\" data-wp-class--show=\"state.isContentVisible\" data-wp-init=\"callbacks.setButtonStyles\" data-wp-on--click=\"actions.showLightbox\" data-wp-on--load=\"callbacks.setButtonStyles\" data-wp-on-window--resize=\"callbacks.setButtonStyles\" data-id=\"729\" src=\"https:\/\/lecya.cl\/wen2019wp\/wp-content\/uploads\/2025\/10\/WhatsApp-Image-2025-10-09-at-4.55.45-PM-1024x576.jpeg\" alt=\"\" class=\"wp-image-729\" srcset=\"https:\/\/lecya.cl\/wen2019wp\/wp-content\/uploads\/2025\/10\/WhatsApp-Image-2025-10-09-at-4.55.45-PM-1024x576.jpeg 1024w, https:\/\/lecya.cl\/wen2019wp\/wp-content\/uploads\/2025\/10\/WhatsApp-Image-2025-10-09-at-4.55.45-PM-300x169.jpeg 300w, https:\/\/lecya.cl\/wen2019wp\/wp-content\/uploads\/2025\/10\/WhatsApp-Image-2025-10-09-at-4.55.45-PM-768x432.jpeg 768w, https:\/\/lecya.cl\/wen2019wp\/wp-content\/uploads\/2025\/10\/WhatsApp-Image-2025-10-09-at-4.55.45-PM.jpeg 1280w\" sizes=\"auto, (max-width: 1024px) 100vw, 1024px\" \/><button\n\t\t\tclass=\"lightbox-trigger\"\n\t\t\ttype=\"button\"\n\t\t\taria-haspopup=\"dialog\"\n\t\t\taria-label=\"Agrandar\"\n\t\t\tdata-wp-init=\"callbacks.initTriggerButton\"\n\t\t\tdata-wp-on--click=\"actions.showLightbox\"\n\t\t\tdata-wp-style--right=\"state.imageButtonRight\"\n\t\t\tdata-wp-style--top=\"state.imageButtonTop\"\n\t\t>\n\t\t\t<svg xmlns=\"http:\/\/www.w3.org\/2000\/svg\" width=\"12\" height=\"12\" fill=\"none\" viewBox=\"0 0 12 12\">\n\t\t\t\t<path fill=\"#fff\" d=\"M2 0a2 2 0 0 0-2 2v2h1.5V2a.5.5 0 0 1 .5-.5h2V0H2Zm2 10.5H2a.5.5 0 0 1-.5-.5V8H0v2a2 2 0 0 0 2 2h2v-1.5ZM8 12v-1.5h2a.5.5 0 0 0 .5-.5V8H12v2a2 2 0 0 1-2 2H8Zm2-12a2 2 0 0 1 2 2v2h-1.5V2a.5.5 0 0 0-.5-.5H8V0h2Z\" \/>\n\t\t\t<\/svg>\n\t\t<\/button><\/figure>\n\n\n\n<figure data-wp-context=\"{&quot;imageId&quot;:&quot;6a098dddcc4c1&quot;}\" data-wp-interactive=\"core\/image\" data-wp-key=\"6a098dddcc4c1\" class=\"wp-block-image size-large wp-lightbox-container\"><img loading=\"lazy\" decoding=\"async\" width=\"1024\" height=\"576\" data-wp-class--hide=\"state.isContentHidden\" data-wp-class--show=\"state.isContentVisible\" data-wp-init=\"callbacks.setButtonStyles\" data-wp-on--click=\"actions.showLightbox\" data-wp-on--load=\"callbacks.setButtonStyles\" data-wp-on-window--resize=\"callbacks.setButtonStyles\" data-id=\"734\" src=\"https:\/\/lecya.cl\/wen2019wp\/wp-content\/uploads\/2025\/10\/WhatsApp-Image-2025-10-09-at-4.55.58-PM-1024x576.jpeg\" alt=\"\" class=\"wp-image-734\" srcset=\"https:\/\/lecya.cl\/wen2019wp\/wp-content\/uploads\/2025\/10\/WhatsApp-Image-2025-10-09-at-4.55.58-PM-1024x576.jpeg 1024w, https:\/\/lecya.cl\/wen2019wp\/wp-content\/uploads\/2025\/10\/WhatsApp-Image-2025-10-09-at-4.55.58-PM-300x169.jpeg 300w, https:\/\/lecya.cl\/wen2019wp\/wp-content\/uploads\/2025\/10\/WhatsApp-Image-2025-10-09-at-4.55.58-PM-768x432.jpeg 768w, https:\/\/lecya.cl\/wen2019wp\/wp-content\/uploads\/2025\/10\/WhatsApp-Image-2025-10-09-at-4.55.58-PM.jpeg 1280w\" sizes=\"auto, (max-width: 1024px) 100vw, 1024px\" \/><button\n\t\t\tclass=\"lightbox-trigger\"\n\t\t\ttype=\"button\"\n\t\t\taria-haspopup=\"dialog\"\n\t\t\taria-label=\"Agrandar\"\n\t\t\tdata-wp-init=\"callbacks.initTriggerButton\"\n\t\t\tdata-wp-on--click=\"actions.showLightbox\"\n\t\t\tdata-wp-style--right=\"state.imageButtonRight\"\n\t\t\tdata-wp-style--top=\"state.imageButtonTop\"\n\t\t>\n\t\t\t<svg xmlns=\"http:\/\/www.w3.org\/2000\/svg\" width=\"12\" height=\"12\" fill=\"none\" viewBox=\"0 0 12 12\">\n\t\t\t\t<path fill=\"#fff\" d=\"M2 0a2 2 0 0 0-2 2v2h1.5V2a.5.5 0 0 1 .5-.5h2V0H2Zm2 10.5H2a.5.5 0 0 1-.5-.5V8H0v2a2 2 0 0 0 2 2h2v-1.5ZM8 12v-1.5h2a.5.5 0 0 0 .5-.5V8H12v2a2 2 0 0 1-2 2H8Zm2-12a2 2 0 0 1 2 2v2h-1.5V2a.5.5 0 0 0-.5-.5H8V0h2Z\" \/>\n\t\t\t<\/svg>\n\t\t<\/button><\/figure>\n\n\n\n<figure data-wp-context=\"{&quot;imageId&quot;:&quot;6a098dddccce4&quot;}\" data-wp-interactive=\"core\/image\" data-wp-key=\"6a098dddccce4\" class=\"wp-block-image size-large wp-lightbox-container\"><img loading=\"lazy\" decoding=\"async\" width=\"1024\" height=\"576\" data-wp-class--hide=\"state.isContentHidden\" data-wp-class--show=\"state.isContentVisible\" data-wp-init=\"callbacks.setButtonStyles\" data-wp-on--click=\"actions.showLightbox\" data-wp-on--load=\"callbacks.setButtonStyles\" data-wp-on-window--resize=\"callbacks.setButtonStyles\" data-id=\"738\" src=\"https:\/\/lecya.cl\/wen2019wp\/wp-content\/uploads\/2025\/10\/WhatsApp-Image-2025-10-09-at-4.55.59-PM-2-1024x576.jpeg\" alt=\"\" class=\"wp-image-738\" srcset=\"https:\/\/lecya.cl\/wen2019wp\/wp-content\/uploads\/2025\/10\/WhatsApp-Image-2025-10-09-at-4.55.59-PM-2-1024x576.jpeg 1024w, https:\/\/lecya.cl\/wen2019wp\/wp-content\/uploads\/2025\/10\/WhatsApp-Image-2025-10-09-at-4.55.59-PM-2-300x169.jpeg 300w, https:\/\/lecya.cl\/wen2019wp\/wp-content\/uploads\/2025\/10\/WhatsApp-Image-2025-10-09-at-4.55.59-PM-2-768x432.jpeg 768w, https:\/\/lecya.cl\/wen2019wp\/wp-content\/uploads\/2025\/10\/WhatsApp-Image-2025-10-09-at-4.55.59-PM-2.jpeg 1280w\" sizes=\"auto, (max-width: 1024px) 100vw, 1024px\" \/><button\n\t\t\tclass=\"lightbox-trigger\"\n\t\t\ttype=\"button\"\n\t\t\taria-haspopup=\"dialog\"\n\t\t\taria-label=\"Agrandar\"\n\t\t\tdata-wp-init=\"callbacks.initTriggerButton\"\n\t\t\tdata-wp-on--click=\"actions.showLightbox\"\n\t\t\tdata-wp-style--right=\"state.imageButtonRight\"\n\t\t\tdata-wp-style--top=\"state.imageButtonTop\"\n\t\t>\n\t\t\t<svg xmlns=\"http:\/\/www.w3.org\/2000\/svg\" width=\"12\" height=\"12\" fill=\"none\" viewBox=\"0 0 12 12\">\n\t\t\t\t<path fill=\"#fff\" d=\"M2 0a2 2 0 0 0-2 2v2h1.5V2a.5.5 0 0 1 .5-.5h2V0H2Zm2 10.5H2a.5.5 0 0 1-.5-.5V8H0v2a2 2 0 0 0 2 2h2v-1.5ZM8 12v-1.5h2a.5.5 0 0 0 .5-.5V8H12v2a2 2 0 0 1-2 2H8Zm2-12a2 2 0 0 1 2 2v2h-1.5V2a.5.5 0 0 0-.5-.5H8V0h2Z\" \/>\n\t\t\t<\/svg>\n\t\t<\/button><\/figure>\n\n\n\n<figure data-wp-context=\"{&quot;imageId&quot;:&quot;6a098dddcd4ca&quot;}\" data-wp-interactive=\"core\/image\" data-wp-key=\"6a098dddcd4ca\" class=\"wp-block-image size-large wp-lightbox-container\"><img loading=\"lazy\" decoding=\"async\" width=\"1024\" height=\"576\" data-wp-class--hide=\"state.isContentHidden\" data-wp-class--show=\"state.isContentVisible\" data-wp-init=\"callbacks.setButtonStyles\" data-wp-on--click=\"actions.showLightbox\" data-wp-on--load=\"callbacks.setButtonStyles\" data-wp-on-window--resize=\"callbacks.setButtonStyles\" data-id=\"732\" src=\"https:\/\/lecya.cl\/wen2019wp\/wp-content\/uploads\/2025\/10\/WhatsApp-Image-2025-10-09-at-4.55.59-PM-1024x576.jpeg\" alt=\"\" class=\"wp-image-732\" srcset=\"https:\/\/lecya.cl\/wen2019wp\/wp-content\/uploads\/2025\/10\/WhatsApp-Image-2025-10-09-at-4.55.59-PM-1024x576.jpeg 1024w, https:\/\/lecya.cl\/wen2019wp\/wp-content\/uploads\/2025\/10\/WhatsApp-Image-2025-10-09-at-4.55.59-PM-300x169.jpeg 300w, https:\/\/lecya.cl\/wen2019wp\/wp-content\/uploads\/2025\/10\/WhatsApp-Image-2025-10-09-at-4.55.59-PM-768x432.jpeg 768w, https:\/\/lecya.cl\/wen2019wp\/wp-content\/uploads\/2025\/10\/WhatsApp-Image-2025-10-09-at-4.55.59-PM.jpeg 1280w\" sizes=\"auto, (max-width: 1024px) 100vw, 1024px\" \/><button\n\t\t\tclass=\"lightbox-trigger\"\n\t\t\ttype=\"button\"\n\t\t\taria-haspopup=\"dialog\"\n\t\t\taria-label=\"Agrandar\"\n\t\t\tdata-wp-init=\"callbacks.initTriggerButton\"\n\t\t\tdata-wp-on--click=\"actions.showLightbox\"\n\t\t\tdata-wp-style--right=\"state.imageButtonRight\"\n\t\t\tdata-wp-style--top=\"state.imageButtonTop\"\n\t\t>\n\t\t\t<svg xmlns=\"http:\/\/www.w3.org\/2000\/svg\" width=\"12\" height=\"12\" fill=\"none\" viewBox=\"0 0 12 12\">\n\t\t\t\t<path fill=\"#fff\" d=\"M2 0a2 2 0 0 0-2 2v2h1.5V2a.5.5 0 0 1 .5-.5h2V0H2Zm2 10.5H2a.5.5 0 0 1-.5-.5V8H0v2a2 2 0 0 0 2 2h2v-1.5ZM8 12v-1.5h2a.5.5 0 0 0 .5-.5V8H12v2a2 2 0 0 1-2 2H8Zm2-12a2 2 0 0 1 2 2v2h-1.5V2a.5.5 0 0 0-.5-.5H8V0h2Z\" \/>\n\t\t\t<\/svg>\n\t\t<\/button><\/figure>\n\n\n\n<figure data-wp-context=\"{&quot;imageId&quot;:&quot;6a098dddcdc13&quot;}\" data-wp-interactive=\"core\/image\" data-wp-key=\"6a098dddcdc13\" class=\"wp-block-image size-large wp-lightbox-container\"><img loading=\"lazy\" decoding=\"async\" width=\"1024\" height=\"576\" data-wp-class--hide=\"state.isContentHidden\" data-wp-class--show=\"state.isContentVisible\" data-wp-init=\"callbacks.setButtonStyles\" data-wp-on--click=\"actions.showLightbox\" data-wp-on--load=\"callbacks.setButtonStyles\" data-wp-on-window--resize=\"callbacks.setButtonStyles\" data-id=\"733\" src=\"https:\/\/lecya.cl\/wen2019wp\/wp-content\/uploads\/2025\/10\/WhatsApp-Image-2025-10-09-at-4.56.00-PM-1024x576.jpeg\" alt=\"\" class=\"wp-image-733\" srcset=\"https:\/\/lecya.cl\/wen2019wp\/wp-content\/uploads\/2025\/10\/WhatsApp-Image-2025-10-09-at-4.56.00-PM-1024x576.jpeg 1024w, https:\/\/lecya.cl\/wen2019wp\/wp-content\/uploads\/2025\/10\/WhatsApp-Image-2025-10-09-at-4.56.00-PM-300x169.jpeg 300w, https:\/\/lecya.cl\/wen2019wp\/wp-content\/uploads\/2025\/10\/WhatsApp-Image-2025-10-09-at-4.56.00-PM-768x432.jpeg 768w, https:\/\/lecya.cl\/wen2019wp\/wp-content\/uploads\/2025\/10\/WhatsApp-Image-2025-10-09-at-4.56.00-PM.jpeg 1280w\" sizes=\"auto, (max-width: 1024px) 100vw, 1024px\" \/><button\n\t\t\tclass=\"lightbox-trigger\"\n\t\t\ttype=\"button\"\n\t\t\taria-haspopup=\"dialog\"\n\t\t\taria-label=\"Agrandar\"\n\t\t\tdata-wp-init=\"callbacks.initTriggerButton\"\n\t\t\tdata-wp-on--click=\"actions.showLightbox\"\n\t\t\tdata-wp-style--right=\"state.imageButtonRight\"\n\t\t\tdata-wp-style--top=\"state.imageButtonTop\"\n\t\t>\n\t\t\t<svg xmlns=\"http:\/\/www.w3.org\/2000\/svg\" width=\"12\" height=\"12\" fill=\"none\" viewBox=\"0 0 12 12\">\n\t\t\t\t<path fill=\"#fff\" d=\"M2 0a2 2 0 0 0-2 2v2h1.5V2a.5.5 0 0 1 .5-.5h2V0H2Zm2 10.5H2a.5.5 0 0 1-.5-.5V8H0v2a2 2 0 0 0 2 2h2v-1.5ZM8 12v-1.5h2a.5.5 0 0 0 .5-.5V8H12v2a2 2 0 0 1-2 2H8Zm2-12a2 2 0 0 1 2 2v2h-1.5V2a.5.5 0 0 0-.5-.5H8V0h2Z\" \/>\n\t\t\t<\/svg>\n\t\t<\/button><\/figure>\n\n\n\n<figure data-wp-context=\"{&quot;imageId&quot;:&quot;6a098dddce3bd&quot;}\" data-wp-interactive=\"core\/image\" data-wp-key=\"6a098dddce3bd\" class=\"wp-block-image size-large wp-lightbox-container\"><img loading=\"lazy\" decoding=\"async\" width=\"1024\" height=\"576\" data-wp-class--hide=\"state.isContentHidden\" data-wp-class--show=\"state.isContentVisible\" data-wp-init=\"callbacks.setButtonStyles\" data-wp-on--click=\"actions.showLightbox\" data-wp-on--load=\"callbacks.setButtonStyles\" data-wp-on-window--resize=\"callbacks.setButtonStyles\" data-id=\"736\" src=\"https:\/\/lecya.cl\/wen2019wp\/wp-content\/uploads\/2025\/10\/WhatsApp-Image-2025-10-09-at-4.56.01-PM-1024x576.jpeg\" alt=\"\" class=\"wp-image-736\" srcset=\"https:\/\/lecya.cl\/wen2019wp\/wp-content\/uploads\/2025\/10\/WhatsApp-Image-2025-10-09-at-4.56.01-PM-1024x576.jpeg 1024w, https:\/\/lecya.cl\/wen2019wp\/wp-content\/uploads\/2025\/10\/WhatsApp-Image-2025-10-09-at-4.56.01-PM-300x169.jpeg 300w, https:\/\/lecya.cl\/wen2019wp\/wp-content\/uploads\/2025\/10\/WhatsApp-Image-2025-10-09-at-4.56.01-PM-768x432.jpeg 768w, https:\/\/lecya.cl\/wen2019wp\/wp-content\/uploads\/2025\/10\/WhatsApp-Image-2025-10-09-at-4.56.01-PM.jpeg 1280w\" sizes=\"auto, (max-width: 1024px) 100vw, 1024px\" \/><button\n\t\t\tclass=\"lightbox-trigger\"\n\t\t\ttype=\"button\"\n\t\t\taria-haspopup=\"dialog\"\n\t\t\taria-label=\"Agrandar\"\n\t\t\tdata-wp-init=\"callbacks.initTriggerButton\"\n\t\t\tdata-wp-on--click=\"actions.showLightbox\"\n\t\t\tdata-wp-style--right=\"state.imageButtonRight\"\n\t\t\tdata-wp-style--top=\"state.imageButtonTop\"\n\t\t>\n\t\t\t<svg xmlns=\"http:\/\/www.w3.org\/2000\/svg\" width=\"12\" height=\"12\" fill=\"none\" viewBox=\"0 0 12 12\">\n\t\t\t\t<path fill=\"#fff\" d=\"M2 0a2 2 0 0 0-2 2v2h1.5V2a.5.5 0 0 1 .5-.5h2V0H2Zm2 10.5H2a.5.5 0 0 1-.5-.5V8H0v2a2 2 0 0 0 2 2h2v-1.5ZM8 12v-1.5h2a.5.5 0 0 0 .5-.5V8H12v2a2 2 0 0 1-2 2H8Zm2-12a2 2 0 0 1 2 2v2h-1.5V2a.5.5 0 0 0-.5-.5H8V0h2Z\" \/>\n\t\t\t<\/svg>\n\t\t<\/button><\/figure>\n<\/figure>\n","protected":false},"excerpt":{"rendered":"<p>Los estudiantes de la especialidad de Log\u00edstica, en compa\u00f1ia de Dn. Camilo Pizarro,encargado del depto de administracion mencion logistica; participaron en una visita pedag\u00f3gica a terreno en el Antofagasta Terminal Internacional (ATI), instancia en la que pudieron conocer en profundidad los diferentes sitios operativos del puerto y observar de manera directa las operaciones log\u00edsticas mar\u00edtimas [&hellip;]<\/p>\n","protected":false},"author":1,"featured_media":0,"parent":0,"menu_order":0,"comment_status":"closed","ping_status":"closed","template":"","meta":{"footnotes":""},"class_list":["post-725","page","type-page","status-publish","hentry"],"_links":{"self":[{"href":"https:\/\/lecya.cl\/wen2019wp\/wp-json\/wp\/v2\/pages\/725","targetHints":{"allow":["GET"]}}],"collection":[{"href":"https:\/\/lecya.cl\/wen2019wp\/wp-json\/wp\/v2\/pages"}],"about":[{"href":"https:\/\/lecya.cl\/wen2019wp\/wp-json\/wp\/v2\/types\/page"}],"author":[{"embeddable":true,"href":"https:\/\/lecya.cl\/wen2019wp\/wp-json\/wp\/v2\/users\/1"}],"replies":[{"embeddable":true,"href":"https:\/\/lecya.cl\/wen2019wp\/wp-json\/wp\/v2\/comments?post=725"}],"version-history":[{"count":4,"href":"https:\/\/lecya.cl\/wen2019wp\/wp-json\/wp\/v2\/pages\/725\/revisions"}],"predecessor-version":[{"id":741,"href":"https:\/\/lecya.cl\/wen2019wp\/wp-json\/wp\/v2\/pages\/725\/revisions\/741"}],"wp:attachment":[{"href":"https:\/\/lecya.cl\/wen2019wp\/wp-json\/wp\/v2\/media?parent=725"}],"curies":[{"name":"wp","href":"https:\/\/api.w.org\/{rel}","templated":true}]}}