{"id":362,"date":"2025-09-28T00:32:41","date_gmt":"2025-09-27T22:32:41","guid":{"rendered":"https:\/\/lecya.cl\/wen2019wp\/?page_id=362"},"modified":"2025-09-28T01:51:43","modified_gmt":"2025-09-27T23:51:43","slug":"taller-sexualidad","status":"publish","type":"page","link":"https:\/\/lecya.cl\/wen2019wp\/taller-sexualidad\/","title":{"rendered":"Taller Sexualidad"},"content":{"rendered":"\n<p>Durante este a\u00f1o, en el marco del Plan de Afectividad, Sexualidad y Equidad de G\u00e9nero del Liceo LECYA, un grupo de estudiantes de 1\u00b0 y 2\u00b0 medio participaron en un enriquecedor ciclo de 8 talleres realizados junto a SERNAMEG.&nbsp;Entre mayo y agosto, los y las estudiantes tuvieron la oportunidad de reflexionar, aprender y dialogar sobre temas fundamentales para su crecimiento personal y la construcci\u00f3n de una comunidad m\u00e1s inclusiva y respetuosa.&nbsp;&nbsp;El proceso culmin\u00f3 este mi\u00e9rcoles 20 de agosto con la certificaci\u00f3n, en la que cada participante recibi\u00f3 un reconocimiento por su compromiso y entusiasmo.&nbsp;&nbsp;Como comunidad nos sentimos orgullosos de este logro, que sin duda marca un paso m\u00e1s en el camino hacia la formaci\u00f3n de estudiantes conscientes, respetuosos y comprometidos con la equidad y la convivencia positiva.<\/p>\n\n\n\n<figure class=\"wp-block-gallery has-nested-images columns-default is-cropped wp-block-gallery-1 is-layout-flex wp-block-gallery-is-layout-flex\">\n<figure data-wp-context=\"{&quot;imageId&quot;:&quot;69e14980e63bf&quot;}\" data-wp-interactive=\"core\/image\" data-wp-key=\"69e14980e63bf\" class=\"wp-block-image size-large wp-lightbox-container\"><img loading=\"lazy\" decoding=\"async\" width=\"1024\" height=\"768\" data-wp-class--hide=\"state.isContentHidden\" data-wp-class--show=\"state.isContentVisible\" data-wp-init=\"callbacks.setButtonStyles\" data-wp-on--click=\"actions.showLightbox\" data-wp-on--load=\"callbacks.setButtonStyles\" data-wp-on-window--resize=\"callbacks.setButtonStyles\" data-id=\"372\" src=\"https:\/\/lecya.cl\/wen2019wp\/wp-content\/uploads\/2025\/09\/WhatsApp-Image-2025-08-25-at-9.02.12-PM-1024x768.jpeg\" alt=\"\" class=\"wp-image-372\" srcset=\"https:\/\/lecya.cl\/wen2019wp\/wp-content\/uploads\/2025\/09\/WhatsApp-Image-2025-08-25-at-9.02.12-PM-1024x768.jpeg 1024w, https:\/\/lecya.cl\/wen2019wp\/wp-content\/uploads\/2025\/09\/WhatsApp-Image-2025-08-25-at-9.02.12-PM-300x225.jpeg 300w, https:\/\/lecya.cl\/wen2019wp\/wp-content\/uploads\/2025\/09\/WhatsApp-Image-2025-08-25-at-9.02.12-PM-768x576.jpeg 768w, https:\/\/lecya.cl\/wen2019wp\/wp-content\/uploads\/2025\/09\/WhatsApp-Image-2025-08-25-at-9.02.12-PM-1536x1152.jpeg 1536w, https:\/\/lecya.cl\/wen2019wp\/wp-content\/uploads\/2025\/09\/WhatsApp-Image-2025-08-25-at-9.02.12-PM.jpeg 1600w\" sizes=\"auto, (max-width: 1024px) 100vw, 1024px\" \/><button\n\t\t\tclass=\"lightbox-trigger\"\n\t\t\ttype=\"button\"\n\t\t\taria-haspopup=\"dialog\"\n\t\t\taria-label=\"Agrandar\"\n\t\t\tdata-wp-init=\"callbacks.initTriggerButton\"\n\t\t\tdata-wp-on--click=\"actions.showLightbox\"\n\t\t\tdata-wp-style--right=\"state.imageButtonRight\"\n\t\t\tdata-wp-style--top=\"state.imageButtonTop\"\n\t\t>\n\t\t\t<svg xmlns=\"http:\/\/www.w3.org\/2000\/svg\" width=\"12\" height=\"12\" fill=\"none\" viewBox=\"0 0 12 12\">\n\t\t\t\t<path fill=\"#fff\" d=\"M2 0a2 2 0 0 0-2 2v2h1.5V2a.5.5 0 0 1 .5-.5h2V0H2Zm2 10.5H2a.5.5 0 0 1-.5-.5V8H0v2a2 2 0 0 0 2 2h2v-1.5ZM8 12v-1.5h2a.5.5 0 0 0 .5-.5V8H12v2a2 2 0 0 1-2 2H8Zm2-12a2 2 0 0 1 2 2v2h-1.5V2a.5.5 0 0 0-.5-.5H8V0h2Z\" \/>\n\t\t\t<\/svg>\n\t\t<\/button><\/figure>\n<\/figure>\n","protected":false},"excerpt":{"rendered":"<p>Durante este a\u00f1o, en el marco del Plan de Afectividad, Sexualidad y Equidad de G\u00e9nero del Liceo LECYA, un grupo de estudiantes de 1\u00b0 y 2\u00b0 medio participaron en un enriquecedor ciclo de 8 talleres realizados junto a SERNAMEG.&nbsp;Entre mayo y agosto, los y las estudiantes tuvieron la oportunidad de reflexionar, aprender y dialogar sobre [&hellip;]<\/p>\n","protected":false},"author":1,"featured_media":0,"parent":0,"menu_order":0,"comment_status":"closed","ping_status":"closed","template":"","meta":{"footnotes":""},"class_list":["post-362","page","type-page","status-publish","hentry"],"_links":{"self":[{"href":"https:\/\/lecya.cl\/wen2019wp\/wp-json\/wp\/v2\/pages\/362","targetHints":{"allow":["GET"]}}],"collection":[{"href":"https:\/\/lecya.cl\/wen2019wp\/wp-json\/wp\/v2\/pages"}],"about":[{"href":"https:\/\/lecya.cl\/wen2019wp\/wp-json\/wp\/v2\/types\/page"}],"author":[{"embeddable":true,"href":"https:\/\/lecya.cl\/wen2019wp\/wp-json\/wp\/v2\/users\/1"}],"replies":[{"embeddable":true,"href":"https:\/\/lecya.cl\/wen2019wp\/wp-json\/wp\/v2\/comments?post=362"}],"version-history":[{"count":3,"href":"https:\/\/lecya.cl\/wen2019wp\/wp-json\/wp\/v2\/pages\/362\/revisions"}],"predecessor-version":[{"id":373,"href":"https:\/\/lecya.cl\/wen2019wp\/wp-json\/wp\/v2\/pages\/362\/revisions\/373"}],"wp:attachment":[{"href":"https:\/\/lecya.cl\/wen2019wp\/wp-json\/wp\/v2\/media?parent=362"}],"curies":[{"name":"wp","href":"https:\/\/api.w.org\/{rel}","templated":true}]}}